{"id":135,"date":"2017-06-23T23:05:48","date_gmt":"2017-06-23T23:05:48","guid":{"rendered":"http:\/\/inspirythemesdemo.com\/realplaces\/?page_id=135"},"modified":"2023-08-02T12:48:10","modified_gmt":"2023-08-02T12:48:10","slug":"properties-search","status":"publish","type":"page","link":"https:\/\/tene.is\/en\/properties-search\/","title":{"rendered":"Properties Search"},"content":{"rendered":"\t\t<div data-elementor-type=\"wp-page\" data-elementor-id=\"135\" class=\"elementor elementor-135\" data-elementor-post-type=\"page\">\n\t\t\t\t\t\t<section class=\"elementor-section elementor-top-section elementor-element elementor-element-adc07c1 elementor-section-boxed elementor-section-height-default elementor-section-height-default\" data-id=\"adc07c1\" data-element_type=\"section\" data-e-type=\"section\" data-settings=\"{&quot;background_background&quot;:&quot;classic&quot;}\">\n\t\t\t\t\t\t<div class=\"elementor-container elementor-column-gap-default\">\n\t\t\t\t\t<div class=\"elementor-column elementor-col-100 elementor-top-column elementor-element elementor-element-87c1011\" data-id=\"87c1011\" data-element_type=\"column\" data-e-type=\"column\">\n\t\t\t<div class=\"elementor-widget-wrap elementor-element-populated\">\n\t\t\t\t\t\t<div class=\"elementor-element elementor-element-4f124af elementor-widget__width-initial elementor-widget elementor-widget-rhea-search-form-widget\" data-id=\"4f124af\" data-element_type=\"widget\" data-e-type=\"widget\" data-widget_type=\"rhea-search-form-widget.default\">\n\t\t\t\t<div class=\"elementor-widget-container\">\n\t\t\t\t\t        <div class=\"rhea_search_form_wrapper rhea-dropdown-style-caret rh-hide-before-load  rhea-radius-position-\" id=\"rhea-4f124af\">\n            <form class=\"rhea_search_form advance-search-form\" action=\"https:\/\/tene.is\/en\/properties-search\/\" method=\"get\">\n\t\t\t\t                <div class=\"rhea-search-form-frame \">\n                    <div class=\"rhea_top_search_fields \">\n                        <div class=\"rhea_top_search_box rhea_top_fields_count_2\" id=\"top-4f124af\">\n\t\t\t\t\t\t\t            <div class=\"rhea_prop_search__option rhea_prop_locations_field rhea_location_prop_search_0 location-separator_0 rhea_prop_search__select\" style=\"order: 1\" data-key-position=\"1\" data-get-location-placeholder=\"Sta\u00f0setning\">\n\t\t\t\t                <span class=\"rhea_prop_search__selectwrap \">\n                                    <select id=\"4f124aflocation\" class=\"rhea_multi_select_picker_location show-tick\" data-size=\"5.5\" data-none-results-text=\"No results matched{0}\" data-none-selected-text=\"Sta\u00f0setning\" data-live-search=\"true\"\n                                                      name=\"location[]\" data-selected-text-format=\"count > 2\" multiple=\"multiple\" data-actions-box=\"true\" data-count-selected-text=\"{0} Sta\u00f0setningar Valdar\" title=\"Sta\u00f0setning\"\n\t                                         >\n                <\/select>\n            <\/span>\n            <\/div>\n\t\t\t\n    <div class=\"rhea_prop_search__option rhea_prop_search__select rhea_status_field \"\n            style=\"order: 4\"\n            data-key-position=\"4\"\n            id=\"status-4f124af\">\n\n\t\t        <span class=\"rhea_prop_search__selectwrap \">\n            \t\t<select name=\"status[]\" id=\"select-status-4f124af\"\n                class=\"rhea_multi_select_picker show-tick\"\n                data-size=\"5.5\"\n                title=\"Allar St\u00f6\u00f0ur\"\n        >\n\t\t\t<option value=\"any\" selected=\"selected\">Allar St\u00f6\u00f0ur<\/option><option value=\"for-sale\">Til s\u00f6lu<\/option>\t\t<\/select>\n\t<\/span>\n    <\/div>\n\t\n    <div class=\"rhea_prop_search__option rhea_prop_search__select rhea_types_field \"\n            data-key-position=\"2\"\n            id=\"type-4f124af\" style=\"order: 2\">\n\n\t\t        <span class=\"rhea_prop_search__selectwrap \">\n            \t\t<select name=\"type[]\" id=\"select-type-4f124af\"\n                class=\"rhea_multi_select_picker show-tick\"\n                data-selected-text-format=\"count > 2\"\n                data-live-search=\"true\"\n                data-size=\"5.5\"\n                                    multiple\n                \t\t\t                data-actions-box=\"true\"\n\t\t\t                title=\"Tegund\"\n                data-count-selected-text=\"{0} Tegundir Valdar\">\n            <option value=\"apartment\">Apartment<\/option><option value=\"bungalow\">Bungalow<\/option><option value=\"duplex\">Duplex<\/option><option value=\"house\">House<\/option><option value=\"investment-commercial-property\">Investment &amp; Commercial property<\/option><option value=\"land\">Land<\/option><option value=\"linked-house\">Linked House<\/option><option value=\"penthouse\">Penthouse<\/option><option value=\"plot\">Plot<\/option><option value=\"restaurants\">Restaurants<\/option><option value=\"rustic-house\">Rustic House<\/option><option value=\"rustic-property\">Rustic Property<\/option><option value=\"studio\">Studio<\/option><option value=\"townhouse\">Townhouse<\/option><option value=\"triplex\">Triplex<\/option><option value=\"villa\">Villa<\/option><option value=\"village-house\">Village House<\/option>\t\t<\/select>\n\t<\/span>\n    <\/div>\n\t    <div style=\"order: 3\" class=\"rhea_prop_search__option  rhea_price_slider_field rhea_price_range_default\" id=\"price-slider-4f124af\" data-key-position=\"3\">\n\n\n\t\t\n        <input name=\"min-price\" type=\"hidden\" value=\"\" class=\"rhea_slider_value rhea_min_value\" data-index=\"0\" \/>\n        <input name=\"max-price\" type=\"hidden\" value=\"\" class=\"rhea_slider_value rhea_max_value\" data-index=\"1\" \/>\n\n        <div class=\"rhea_price_slider_wrapper\" id=\"rhea_slider_4f124af\">\n            <div class=\"rhea_price_label\">\n\t\t\t\tVer\u00f0bil            <\/div>\n            <div class=\"rhea_price_slider\"><\/div>\n            <div class=\"rhea_price_range\">\n                <span class=\"range-label\">\n\t\t\t\tFr\u00e1                <\/span>\n                <span class=\"rhea_price_display rhea_min_slide\" data-index=\"0\">1,000EUR<\/span>\n                <span class=\"range-label\">\n\t\t\t\tTil                <\/span>\n                <span class=\"rhea_price_display rhea_max_slide\" data-index=\"1\">1,000EUR<\/span>\n            <\/div>\n        <\/div>\n\n    <\/div>\n\n\t\n    <div class=\"rhea_prop_search__option rhea_prop_search__select rhea_min_beds_field \" data-key-position=\"5\" style=\"order: 5\">\n\t\t        <span class=\"rhea_prop_search__selectwrap \">\n                            <select name=\"bedrooms\" id=\"select-bedrooms-4f124af\" class=\"rhea_multi_select_picker show-tick\" data-size=\"5.5\">\n                <option value=\"any\" selected=\"selected\">Svefnherbergi<\/option><option value=\"1\">1<\/option><option value=\"2\">2<\/option><option value=\"3\">3<\/option><option value=\"4\">4<\/option><option value=\"5\">5<\/option><option value=\"6\">6<\/option><option value=\"7\">7<\/option><option value=\"8\">8<\/option><option value=\"9\">9<\/option><option value=\"10\">10<\/option>\t        \t<\/select>\n\t            \t    <\/span>\n    <\/div>\n\n\t\n    <div class=\"rhea_prop_search__option rhea_prop_search__select rhea_min_baths_field \" data-key-position=\"6\" style=\"order: 6\">\n\n\t\t        <span class=\"rhea_prop_search__selectwrap \">\n                            <select name=\"bathrooms\" id=\"select-bathrooms-4f124af\" class=\"rhea_multi_select_picker show-tick\" data-size=\"5.5\">\n\t\t\t         <option value=\"any\" selected=\"selected\">Ba\u00f0herbergi<\/option><option value=\"1\">1<\/option><option value=\"2\">2<\/option><option value=\"3\">3<\/option><option value=\"4\">4<\/option><option value=\"5\">5<\/option><option value=\"6\">6<\/option><option value=\"7\">7<\/option><option value=\"8\">8<\/option><option value=\"9\">9<\/option><option value=\"10\">10<\/option>\t\t        <\/select>\n\t            \t    <\/span>\n    <\/div>\n\t\n    <div class=\"rhea_prop_search__option rhea_prop_search__select rhea_garages_field \" data-key-position=\"7\" style=\"order: 7\">\n\t\t        <span class=\"rhea_prop_search__selectwrap \">\n                            <select name=\"garages\" id=\"select-garages-4f124af\" class=\"rhea_multi_select_picker show-tick\" data-size=\"5.5\">\n                <option value=\"any\" selected=\"selected\">B\u00edlsk\u00farar<\/option><option value=\"1\">1<\/option><option value=\"2\">2<\/option><option value=\"3\">3<\/option><option value=\"4\">4<\/option><option value=\"5\">5<\/option><option value=\"6\">6<\/option><option value=\"7\">7<\/option><option value=\"8\">8<\/option><option value=\"9\">9<\/option><option value=\"10\">10<\/option>\t\t        <\/select>\n\t            \t<\/span>\n    <\/div>\n\n\t    <div class=\"rhea_prop_search__option rhea_mod_text_field rhea_min_area_field \"\n            data-key-position=\"8\"\n            style=\"order: 8\">\n\n\t\t        <span class=\"rhea-text-field-wrapper \">\n                    <input type=\"text\" autocomplete=\"off\" name=\"min-area\" id=\"min-area-4f124af\"\n                pattern=\"[0-9]+\"\n                value=\"\"\n                placeholder=\"L\u00e1gmarks St\u00e6r\u00f0 (m\u00b2)\"\n\n\t\t\t                title=\"Gef\u00f0u a\u00f0eins t\u00f6lur!\"\n\t\t\t        \/>\n            <\/span>\n    <\/div>\n\n    <div class=\"rhea_prop_search__option rhea_mod_text_field rhea_max_area_field \"\n            data-key-position=\"8.1\"\n            style=\"order: 8\">\n\t\t        <span class=\"rhea-text-field-wrapper \">\n                    <input type=\"text\" autocomplete=\"off\" name=\"max-area\" id=\"max-area-4f124af\"\n                pattern=\"[0-9]+\"\n                value=\"\"\n                placeholder=\"H\u00e1marks St\u00e6r\u00f0 (m\u00b2)\"\n\t\t\t                title=\"Gef\u00f0u a\u00f0eins t\u00f6lur!\"\n\t\t\t        \/>\n        <\/span>\n    <\/div>\n\n\t    <div class=\"rhea_prop_search__option rhea_mod_text_field rhea_keyword_field \"\n            data-key-position=\"9\"\n            id=\"keyword-search4f124af\"\n            style=\"order: 9\">\n\t\t        <span class=\"rhea-text-field-wrapper \">\n                    <input type=\"text\" name=\"keyword\" id=\"keyword-txt-4f124af\" autocomplete=\"off\"\n                value=\"\"\n                placeholder=\"Leitaror\u00f0\"\/>\n        <\/span>\n\n        <!--    <div class=\"rhea_sfoi_data_fetch_list\"><\/div>-->\n        <!--    <span class=\"rhea_sfoi_ajax_loader\">-->\n\t\t<!--<\/span>-->\n\t\t    <\/div>\n\t    <div class=\"rhea_prop_search__option rhea_mod_text_field rhea_property_id_field \" style=\"order: 10\" data-key-position=\"10\" id=\"property-id-4f124af\">\n\t\t        <span class=\"rhea-text-field-wrapper \">\n                    <input type=\"text\" name=\"property-id\" autocomplete=\"off\" id=\"property-id-txt-4f124af\" value=\"\" placeholder=\"Kennitala Eignar\"\/>\n        <\/span>\n    <\/div>\n\n\t                        <\/div>\n\t\t\t\t\t\t    <div class=\"rhea_search_button_wrapper rhea_buttons_top\">\n\t\t            <div class=\"rhea_advanced_expander rhea_advance_collapsed\" id=\"advance_button_4f124af\">\n\t\t\t\t<svg viewBox=\"0 0 32 32\" xmlns=\"http:\/\/www.w3.org\/2000\/svg\"><g data-name=\"137-Zoom\" ><circle class=\"icon-search-plus\" cx=\"12\" cy=\"12\" r=\"11\"\/><line class=\"icon-search-plus\" x1=\"20\" x2=\"31\" y1=\"20\" y2=\"31\"\/><line class=\"icon-search-plus minus\" x1=\"12\" x2=\"12\" y1=\"6\" y2=\"18\"\/><line class=\"icon-search-plus\" x1=\"18\" x2=\"6\" y1=\"12\" y2=\"12\"\/><\/g><\/svg>\n            <\/div>\n\t\t\t        <button class=\"rhea_search_form_button \" type=\"submit\">\n\t\t\t<svg class=\"rhea-icon-search\" viewBox=\"0 0 32 32\" xmlns=\"http:\/\/www.w3.org\/2000\/svg\">\n    <g data-name=\"32-Search\" ><circle class=\"icon-search\" cx=\"12\" cy=\"12\" r=\"11\"\/><line class=\"icon-search\" x1=\"20\" x2=\"31\" y1=\"20\" y2=\"31\"\/><\/g><\/svg>            <span>\n                Leita            <\/span>\n        <\/button>\n    <\/div>\n\t                    <\/div>\n\t\t\t\t\t    <div class=\"rhea_collapsed_search_fields  rhea_advance_fields_collapsed\" id=\"collapsed_wrapper_4f124af\">\n        <div class=\"rhea_collapsed_search_fields_inner \" id=\"collapsed-4f124af\"><\/div>\n\t\t    <\/div>\n<div class=\"rhea_search_button_wrapper rhea_button_hide  rhea_buttons_bottom \">\n\t\t\t<div class=\"rhea_advanced_expander rhea_advance_collapsed\"\n\t\t     id=\"advance_bottom_button_4f124af\">\n\t\t\t<svg viewBox=\"0 0 32 32\" xmlns=\"http:\/\/www.w3.org\/2000\/svg\"><g data-name=\"137-Zoom\" ><circle class=\"icon-search-plus\" cx=\"12\" cy=\"12\" r=\"11\"\/><line class=\"icon-search-plus\" x1=\"20\" x2=\"31\" y1=\"20\" y2=\"31\"\/><line class=\"icon-search-plus minus\" x1=\"12\" x2=\"12\" y1=\"6\" y2=\"18\"\/><line class=\"icon-search-plus\" x1=\"18\" x2=\"6\" y1=\"12\" y2=\"12\"\/><\/g><\/svg>\n\t\t<\/div>\n\t\t<button class=\"rhea_search_form_button \" type=\"submit\">\n\t\t<svg class=\"rhea-icon-search\" viewBox=\"0 0 32 32\" xmlns=\"http:\/\/www.w3.org\/2000\/svg\">\n    <g data-name=\"32-Search\" ><circle class=\"icon-search\" cx=\"12\" cy=\"12\" r=\"11\"\/><line class=\"icon-search\" x1=\"20\" x2=\"31\" y1=\"20\" y2=\"31\"\/><\/g><\/svg>\t\t<span>\n                Leita                    <\/span>\n\t<\/button>\n<\/div>\n\n\n                <\/div>\n            <\/form>\n        <\/div>\n\t\t            <script type=\"application\/javascript\">\n                jQuery( document ).bind( \"ready\", function () {\n                    rheaSearchFields( \"#rhea-4f124af\",2, \"#top-4f124af\", \"#collapsed-4f124af\" );\n                    rheaSearchStatusChange( \"#rhea-4f124af .price-for-others\", \"#rhea-4f124af .price-for-rent\", \"#select-status-4f124af\", \"\" );\n                    rheaPropertySlider(\n                        \"#rhea_slider_4f124af .rhea_price_slider\",\n\t\t\t\t\t\t1000,\n\t\t\t\t\t\t1000,\n                        \"after\",\n                        \",\",\n                        \"EUR\",\n                        \"\",\n                        \"\"\n                    );\n                    rheaSearchAdvanceState( \"#advance_button_4f124af\", \"#collapsed_wrapper_4f124af\" );\n                    rheaSearchAdvanceState( \"#advance_bottom_button_4f124af\", \"#collapsed_wrapper_4f124af\" );\n                    rheaFeaturesState( \"#rhea_features_4f124af .rhea_open_more_features\", \"#rhea_features_4f124af .rhea-more-options-wrapper\" );\n                    rheaLocationsHandler([{\"term_id\":137,\"name\":\"Adeje\",\"slug\":\"adeje\",\"parent\":0,\"count\":1,\"children\":[]}],\n\t\t\t\t\t\t[\"Sta\\u00f0setning\",\"All Child Location\",\"All Grand Child Location\",\"All Great Grand Child Location\"],\n\t\t\t\t\t\t[\"4f124aflocation\",\"4f124afchild-location\",\"4f124afgrandchild-location\",\"4f124afgreat-grandchild-location\"],\n\t\t\t\t\t\t[],\n\t\t\t\t\t\t1,\n\t\t\t\t\t\t\"any\",\n\t\t\t\t\t\t\"multiple\"                    );\n                    rheaSelectPicker( \"#rhea-4f124af select.rhea_multi_select_picker\" );\n                    rheaSelectPicker( \"#rhea-4f124af select.rhea_multi_select_picker_location\" );\n                    minMaxPriceValidation( \"#select-min-price-4f124af\", \"#select-max-price-4f124af\" );\n                    minMaxRentPriceValidation( \"#select-min-price-for-rent-4f124af\", \"#select-max-price-for-rent-4f124af\" );\n                    minMaxAreaValidation( \"#min-area-4f124af\", \"#max-area-4f124af\" );\n                    minMaxAreaValidation( \"#min-lot-size-4f124af\", \"#max-lot-size-4f124af\" );\n\n                    jQuery( \"#rhea-4f124af .rhea_multi_select_picker_location\" )\n                    .on( 'change', function () {\n                        setTimeout( function () {\n                            jQuery( \"#rhea-4f124af .rhea_multi_select_picker_location\" )\n                            .selectpicker( 'refresh' );\n                        }, 500 );\n                    } );\n\n                    rheaAjaxSelect( \".rhea_location_ajax_parent_4f124af\",\n                        \"#rhea_ajax_location_4f124af\",\n                        'https:\/\/tene.is\/wp-admin\/admin-ajax.php',\n                        'yes',\n                        'no'\n                    );\n\n                    rheaOpenSearchPopup( \"#advance_button_4f124af\", \"#rhea-popup-4f124af\" );\n                    rheaOpenSearchPopup( \"#advance_popup_bottom_button_4f124af\", \"#rhea-popup-4f124af\" );\n\t\t\t\t\t                } );\n            <\/script>\n\t\t\t\t\t\t\t<\/div>\n\t\t\t\t<\/div>\n\t\t\t\t\t<\/div>\n\t\t<\/div>\n\t\t\t\t\t<\/div>\n\t\t<\/section>\n\t\t\t\t<\/div>\n\t\t","protected":false},"excerpt":{"rendered":"<p>2&#8243; data-live-search=&#8220;true&#8220; data-size=&#8220;5.5&#8243; multiple data-actions-box=&#8220;true&#8220; title=&#8220;Tegund&#8220; data-count-selected-text=&#8220;{0} Tegundir Valdar&#8220; >ApartmentBungalowDuplexHouseInvestment &amp; Commercial propertyLandLinked HousePenthousePlotRestaurantsRustic HouseRustic PropertyStudioTownhouseTriplexVillaVillage House Ver\u00f0bil Fr\u00e1 1,000EUR Til 8,500,000EUR Svefnherbergi12345678910 Ba\u00f0herbergi12345678910 B\u00edlsk\u00farar12345678910 Leita Leita<\/p>","protected":false},"author":1,"featured_media":0,"parent":0,"menu_order":0,"comment_status":"open","ping_status":"closed","template":"templates\/properties-search.php","meta":{"_monsterinsights_skip_tracking":false,"_monsterinsights_sitenote_active":false,"_monsterinsights_sitenote_note":"","_monsterinsights_sitenote_category":0,"footnotes":""},"class_list":["post-135","page","type-page","status-publish","hentry"],"_links":{"self":[{"href":"https:\/\/tene.is\/en\/wp-json\/wp\/v2\/pages\/135","targetHints":{"allow":["GET"]}}],"collection":[{"href":"https:\/\/tene.is\/en\/wp-json\/wp\/v2\/pages"}],"about":[{"href":"https:\/\/tene.is\/en\/wp-json\/wp\/v2\/types\/page"}],"author":[{"embeddable":true,"href":"https:\/\/tene.is\/en\/wp-json\/wp\/v2\/users\/1"}],"replies":[{"embeddable":true,"href":"https:\/\/tene.is\/en\/wp-json\/wp\/v2\/comments?post=135"}],"version-history":[{"count":415,"href":"https:\/\/tene.is\/en\/wp-json\/wp\/v2\/pages\/135\/revisions"}],"predecessor-version":[{"id":12396,"href":"https:\/\/tene.is\/en\/wp-json\/wp\/v2\/pages\/135\/revisions\/12396"}],"wp:attachment":[{"href":"https:\/\/tene.is\/en\/wp-json\/wp\/v2\/media?parent=135"}],"curies":[{"name":"wp","href":"https:\/\/api.w.org\/{rel}","templated":true}]}}